{"id":2,"date":"2016-05-10T03:48:21","date_gmt":"2016-05-10T03:48:21","guid":{"rendered":"http:\/\/wp452m.a10-52-158-154.qa.plesk.ru\/wordpress\/?page_id=2"},"modified":"2023-05-16T09:00:05","modified_gmt":"2023-05-16T07:00:05","slug":"sample-page","status":"publish","type":"page","link":"https:\/\/familie-storchennest.de\/","title":{"rendered":"Aktuelles"},"content":{"rendered":"<p>[et_pb_section fb_built=&#8220;1&#8243; fullwidth=&#8220;on&#8220; _builder_version=&#8220;4.4.8&#8243;][et_pb_fullwidth_post_slider include_categories=&#8220;current&#8220; _builder_version=&#8220;4.4.8&#8243;][\/et_pb_fullwidth_post_slider][\/et_pb_section][et_pb_section fb_built=&#8220;1&#8243; admin_label=&#8220;section&#8220; _builder_version=&#8220;3.22&#8243; background_color=&#8220;rgba(255,255,255,0)&#8220;][et_pb_row column_structure=&#8220;2_3,1_3&#8243; _builder_version=&#8220;3.25&#8243; background_size=&#8220;initial&#8220; background_position=&#8220;top_left&#8220; background_repeat=&#8220;repeat&#8220;][et_pb_column type=&#8220;2_3&#8243; _builder_version=&#8220;3.25&#8243; custom_padding=&#8220;|||&#8220; custom_padding__hover=&#8220;|||&#8220;][et_pb_blurb title=&#8220;Familie Storchennest&#8220; image=&#8220;https:\/\/familie-storchennest.de\/wp-content\/uploads\/2020\/06\/20160908_110710_scheune_altenwg_mdr.jpg&#8220; image_max_width=&#8220;none&#8220; _builder_version=&#8220;4.4.8&#8243; background_size=&#8220;initial&#8220; background_position=&#8220;top_left&#8220; background_repeat=&#8220;repeat&#8220;]<\/p>\n<p>In Po\u00dfdorf nahe Reibitz entsteht gerade ein ganz besonderes Projekt mit dem Titel &#8222;Familie Storchennest&#8220;. Auf einem alten Dreiseitenhof sind bereits eine Kindertagesst\u00e4tte die &#8222;Storchenk\u00fccken&#8220; und eine Hebammenpraxis das &#8222;Storchenei&#8220; entstanden. Initiator ist Hebamme Bettina Paubandt, deren Lebenstraum hier Wirklichkeit wird. Gemeinsam mit ihrer Tochter, die als Tagesmutti die Kindertagest\u00e4tte f\u00fchrt, wird das ehemals leerstehende Objekt von ihnen mit Leben erf\u00fcllt. Die dritte Seite wird als Wohngemeinschaft f\u00fcr Senioren ausgebaut und soll dem Trend der Alterseinsamkeit entgegen wirken und r\u00fcstigen Senioren eine Gemeinschaftsunterkunft bieten.<\/p>\n<p>Somit werden sich die Generationen auf einem Hof treffen &#8211; M\u00fctter, V\u00e4ter, Babys, Kinder und \u00e4ltere Menschen &#8211; sowie einige Haustiere, die bereits die Kinder der Kindertagesst\u00e4tte kennen lernen.<\/p>\n<p>Die alten Gem\u00e4uer des Dreiseitenhofes wurden mit viel Aufwand und Liebe restauriert und modernisiert. Da dies eine tolle Zukunftsvision f\u00fcr den l\u00e4ndlichen Raum und dessen Wirtschaftlichkeit sowie ein neuartiges und doch altes Gemeinschaftsmodell ist, erhielt das Projekt bereits zweimal F\u00f6rdergelder aus dem Europ\u00e4ischen Landwirtschaftsfonds f\u00fcr die Entwicklung des l\u00e4ndlichen Raums (EPLR).<\/p>\n<p>[\/et_pb_blurb][\/et_pb_column][et_pb_column type=&#8220;1_3&#8243; _builder_version=&#8220;3.25&#8243; custom_padding=&#8220;|||&#8220; custom_padding__hover=&#8220;|||&#8220;][et_pb_image src=&#8220;https:\/\/familie-storchennest.de\/wp-content\/uploads\/2017\/02\/2016-06-007.jpg&#8220; align_tablet=&#8220;center&#8220; align_phone=&#8220;&#8220; align_last_edited=&#8220;on|desktop&#8220; _builder_version=&#8220;3.23&#8243; animation_style=&#8220;slide&#8220; animation_direction=&#8220;left&#8220; animation_duration=&#8220;500ms&#8220; animation_intensity_slide=&#8220;10%&#8220;][\/et_pb_image][\/et_pb_column][\/et_pb_row][\/et_pb_section][et_pb_section fb_built=&#8220;1&#8243; inner_shadow=&#8220;on&#8220; fullwidth=&#8220;on&#8220; admin_label=&#8220;section&#8220; _builder_version=&#8220;3.22&#8243; background_color=&#8220;rgba(255,255,255,0)&#8220; transparent_background=&#8220;off&#8220;][et_pb_fullwidth_header title=&#8220;Nicht weil es schwer ist, wagen wir es nicht, sondern weil wirs nicht wagen, ist es schwer. &#8220; subhead=&#8220;Seneca&#8220; text_orientation=&#8220;center&#8220; content_max_width=&#8220;none&#8220; admin_label=&#8220;Fullwidth Header&#8220; _builder_version=&#8220;3.16&#8243; title_font=&#8220;||on||&#8220; subhead_font=&#8220;||on||&#8220; background_color=&#8220;rgba(255, 255, 255, 0)&#8220; background_layout=&#8220;light&#8220; button_one_text_size__hover_enabled=&#8220;off&#8220; button_two_text_size__hover_enabled=&#8220;off&#8220; button_one_text_color__hover_enabled=&#8220;off&#8220; button_two_text_color__hover_enabled=&#8220;off&#8220; button_one_border_width__hover_enabled=&#8220;off&#8220; button_two_border_width__hover_enabled=&#8220;off&#8220; button_one_border_color__hover_enabled=&#8220;off&#8220; button_two_border_color__hover_enabled=&#8220;off&#8220; button_one_border_radius__hover_enabled=&#8220;off&#8220; button_two_border_radius__hover_enabled=&#8220;off&#8220; button_one_letter_spacing__hover_enabled=&#8220;off&#8220; button_two_letter_spacing__hover_enabled=&#8220;off&#8220; button_one_bg_color__hover_enabled=&#8220;off&#8220; button_two_bg_color__hover_enabled=&#8220;off&#8220;][\/et_pb_fullwidth_header][et_pb_fullwidth_slider admin_label=&#8220;Vollbreiter Slider&#8220; _builder_version=&#8220;3.16&#8243; custom_padding=&#8220;|||&#8220; custom_padding_tablet=&#8220;|||&#8220; custom_padding_phone=&#8220;|||&#8220; box_shadow_style=&#8220;preset6&#8243; box_shadow_blur=&#8220;10px&#8220; box_shadow_color=&#8220;rgba(0,0,0,0.1)&#8220; show_inner_shadow=&#8220;on&#8220; button_text_size__hover_enabled=&#8220;off&#8220; button_one_text_size__hover_enabled=&#8220;off&#8220; button_two_text_size__hover_enabled=&#8220;off&#8220; button_text_color__hover_enabled=&#8220;off&#8220; button_one_text_color__hover_enabled=&#8220;off&#8220; button_two_text_color__hover_enabled=&#8220;off&#8220; button_border_width__hover_enabled=&#8220;off&#8220; button_one_border_width__hover_enabled=&#8220;off&#8220; button_two_border_width__hover_enabled=&#8220;off&#8220; button_border_color__hover_enabled=&#8220;off&#8220; button_one_border_color__hover_enabled=&#8220;off&#8220; button_two_border_color__hover_enabled=&#8220;off&#8220; button_border_radius__hover_enabled=&#8220;off&#8220; button_one_border_radius__hover_enabled=&#8220;off&#8220; button_two_border_radius__hover_enabled=&#8220;off&#8220; button_letter_spacing__hover_enabled=&#8220;off&#8220; button_one_letter_spacing__hover_enabled=&#8220;off&#8220; button_two_letter_spacing__hover_enabled=&#8220;off&#8220; button_bg_color__hover_enabled=&#8220;off&#8220; button_one_bg_color__hover_enabled=&#8220;off&#8220; button_two_bg_color__hover_enabled=&#8220;off&#8220;][\/et_pb_fullwidth_slider][\/et_pb_section][et_pb_section fb_built=&#8220;1&#8243; admin_label=&#8220;section&#8220; _builder_version=&#8220;3.22&#8243; background_color=&#8220;rgba(255,255,255,0)&#8220;][et_pb_row column_structure=&#8220;1_4,1_4,1_4,1_4&#8243; admin_label=&#8220;row&#8220; _builder_version=&#8220;3.25&#8243; background_size=&#8220;initial&#8220; background_position=&#8220;top_left&#8220; background_repeat=&#8220;repeat&#8220;][et_pb_column type=&#8220;1_4&#8243; _builder_version=&#8220;3.25&#8243; custom_padding=&#8220;|||&#8220; custom_padding__hover=&#8220;|||&#8220;][et_pb_blurb title=&#8220;Lorem Ipsum&#8220; use_icon=&#8220;on&#8220; font_icon=&#8220;h&#8220; icon_color=&#8220;#a8a8a8&#8243; use_circle=&#8220;on&#8220; circle_color=&#8220;#ffffff&#8220; use_circle_border=&#8220;on&#8220; circle_border_color=&#8220;#e0e0e0&#8243; admin_label=&#8220;Blurb&#8220; _builder_version=&#8220;3.0.74&#8243; background_size=&#8220;initial&#8220; background_position=&#8220;top_left&#8220; background_repeat=&#8220;repeat&#8220; text_orientation=&#8220;center&#8220;]<\/p>\n<p> Divi will change the way you build websites forever. The advanced page builder makes it possible to build truly dynamic pages without learning code. <\/p>\n<p>[\/et_pb_blurb][\/et_pb_column][et_pb_column type=&#8220;1_4&#8243; _builder_version=&#8220;3.25&#8243; custom_padding=&#8220;|||&#8220; custom_padding__hover=&#8220;|||&#8220;][et_pb_blurb title=&#8220;Lorem Ipsum&#8220; use_icon=&#8220;on&#8220; font_icon=&#8220;\ue01d&#8220; icon_color=&#8220;#a8a8a8&#8243; use_circle=&#8220;on&#8220; circle_color=&#8220;#ffffff&#8220; use_circle_border=&#8220;on&#8220; circle_border_color=&#8220;#e0e0e0&#8243; admin_label=&#8220;Blurb&#8220; _builder_version=&#8220;3.0.74&#8243; background_size=&#8220;initial&#8220; background_position=&#8220;top_left&#8220; background_repeat=&#8220;repeat&#8220; text_orientation=&#8220;center&#8220;]<\/p>\n<p> Divi will change the way you build websites forever. The advanced page builder makes it possible to build truly dynamic pages without learning code. <\/p>\n<p>[\/et_pb_blurb][\/et_pb_column][et_pb_column type=&#8220;1_4&#8243; _builder_version=&#8220;3.25&#8243; custom_padding=&#8220;|||&#8220; custom_padding__hover=&#8220;|||&#8220;][et_pb_blurb title=&#8220;Lorem Ipsum&#8220; use_icon=&#8220;on&#8220; font_icon=&#8220;v&#8220; icon_color=&#8220;#a8a8a8&#8243; use_circle=&#8220;on&#8220; circle_color=&#8220;#ffffff&#8220; use_circle_border=&#8220;on&#8220; circle_border_color=&#8220;#e0e0e0&#8243; admin_label=&#8220;Blurb&#8220; _builder_version=&#8220;3.0.74&#8243; background_size=&#8220;initial&#8220; background_position=&#8220;top_left&#8220; background_repeat=&#8220;repeat&#8220; text_orientation=&#8220;center&#8220;]<\/p>\n<p> Divi will change the way you build websites forever. The advanced page builder makes it possible to build truly dynamic pages without learning code. <\/p>\n<p>[\/et_pb_blurb][\/et_pb_column][et_pb_column type=&#8220;1_4&#8243; _builder_version=&#8220;3.25&#8243; custom_padding=&#8220;|||&#8220; custom_padding__hover=&#8220;|||&#8220;][et_pb_blurb title=&#8220;Lorem Ipsum&#8220; use_icon=&#8220;on&#8220; font_icon=&#8220;g&#8220; icon_color=&#8220;#a8a8a8&#8243; use_circle=&#8220;on&#8220; circle_color=&#8220;#ffffff&#8220; use_circle_border=&#8220;on&#8220; circle_border_color=&#8220;#e0e0e0&#8243; admin_label=&#8220;Blurb&#8220; _builder_version=&#8220;3.0.74&#8243; background_size=&#8220;initial&#8220; background_position=&#8220;top_left&#8220; background_repeat=&#8220;repeat&#8220; text_orientation=&#8220;center&#8220;]<\/p>\n<p> Divi will change the way you build websites forever. The advanced page builder makes it possible to build truly dynamic pages without learning code. <\/p>\n<p>[\/et_pb_blurb][\/et_pb_column][\/et_pb_row][et_pb_row admin_label=&#8220;row&#8220; _builder_version=&#8220;3.25&#8243; background_size=&#8220;initial&#8220; background_position=&#8220;top_left&#8220; background_repeat=&#8220;repeat&#8220;][et_pb_column type=&#8220;4_4&#8243; _builder_version=&#8220;3.25&#8243; custom_padding=&#8220;|||&#8220; custom_padding__hover=&#8220;|||&#8220;][\/et_pb_column][\/et_pb_row][\/et_pb_section]<\/p>\n","protected":false},"excerpt":{"rendered":"<p>[et_pb_section fb_built=&#8220;1&#8243; fullwidth=&#8220;on&#8220; _builder_version=&#8220;4.4.8&#8243;][et_pb_fullwidth_post_slider include_categories=&#8220;current&#8220; _builder_version=&#8220;4.4.8&#8243;][\/et_pb_fullwidth_post_slider][\/et_pb_section][et_pb_section fb_built=&#8220;1&#8243; admin_label=&#8220;section&#8220; _builder_version=&#8220;3.22&#8243; background_color=&#8220;rgba(255,255,255,0)&#8220;][et_pb_row column_structure=&#8220;2_3,1_3&#8243; _builder_version=&#8220;3.25&#8243; background_size=&#8220;initial&#8220; background_position=&#8220;top_left&#8220; background_repeat=&#8220;repeat&#8220;][et_pb_column type=&#8220;2_3&#8243; _builder_version=&#8220;3.25&#8243; custom_padding=&#8220;|||&#8220; custom_padding__hover=&#8220;|||&#8220;][et_pb_blurb title=&#8220;Familie Storchennest&#8220; image=&#8220;https:\/\/familie-storchennest.de\/wp-content\/uploads\/2020\/06\/20160908_110710_scheune_altenwg_mdr.jpg&#8220; image_max_width=&#8220;none&#8220; _builder_version=&#8220;4.4.8&#8243; background_size=&#8220;initial&#8220; background_position=&#8220;top_left&#8220; background_repeat=&#8220;repeat&#8220;] In Po\u00dfdorf nahe Reibitz entsteht gerade ein ganz besonderes Projekt mit dem Titel &#8222;Familie Storchennest&#8220;. Auf einem alten Dreiseitenhof sind bereits eine Kindertagesst\u00e4tte die &#8222;Storchenk\u00fccken&#8220; und eine Hebammenpraxis [&hellip;]<\/p>\n","protected":false},"author":1,"featured_media":0,"parent":0,"menu_order":0,"comment_status":"closed","ping_status":"open","template":"page-full.php","meta":{"_et_pb_use_builder":"on","_et_pb_old_content":"<p>This is an example page. It's different from a blog post because it will stay in one place and will show up in your site navigation (in most themes). Most people start with an About page that introduces them to potential site visitors. It might say something like this:<\/p><blockquote><p>Hi there! I'm a bike messenger by day, aspiring actor by night, and this is my website. I live in Los Angeles, have a great dog named Jack, and I like pi\u00f1a coladas. (And gettin' caught in the rain.)<\/p><\/blockquote><p>...or something like this:<\/p><blockquote><p>The XYZ Doohickey Company was founded in 1971, and has been providing quality doohickeys to the public ever since. Located in Gotham City, XYZ employs over 2,000 people and does all kinds of awesome things for the Gotham community.<\/p><\/blockquote><p>As a new WordPress user, you should go to <a href=\"http:\/\/wp452m.a10-52-158-154.qa.plesk.ru\/wordpress\/wp-admin\/\">your dashboard<\/a> to delete this page and create new pages for your content. Have fun!<\/p>","_et_gb_content_width":"","footnotes":""},"class_list":["post-2","page","type-page","status-publish","hentry"],"yoast_head":"<!-- This site is optimized with the Yoast SEO plugin v24.9 - https:\/\/yoast.com\/wordpress\/plugins\/seo\/ -->\n<title>Aktuelles - Familie Storchennest<\/title>\n<meta name=\"robots\" content=\"index, follow, max-snippet:-1, max-image-preview:large, max-video-preview:-1\" \/>\n<link rel=\"canonical\" href=\"https:\/\/familie-storchennest.de\/\" \/>\n<meta property=\"og:locale\" content=\"de_DE\" \/>\n<meta property=\"og:type\" content=\"article\" \/>\n<meta property=\"og:title\" content=\"Aktuelles - Familie Storchennest\" \/>\n<meta property=\"og:description\" content=\"[et_pb_section fb_built=&#8220;1&#8243; fullwidth=&#8220;on&#8220; _builder_version=&#8220;4.4.8&#8243;][et_pb_fullwidth_post_slider include_categories=&#8220;current&#8220; _builder_version=&#8220;4.4.8&#8243;][\/et_pb_fullwidth_post_slider][\/et_pb_section][et_pb_section fb_built=&#8220;1&#8243; admin_label=&#8220;section&#8220; _builder_version=&#8220;3.22&#8243; background_color=&#8220;rgba(255,255,255,0)&#8220;][et_pb_row column_structure=&#8220;2_3,1_3&#8243; _builder_version=&#8220;3.25&#8243; background_size=&#8220;initial&#8220; background_position=&#8220;top_left&#8220; background_repeat=&#8220;repeat&#8220;][et_pb_column type=&#8220;2_3&#8243; _builder_version=&#8220;3.25&#8243; custom_padding=&#8220;|||&#8220; custom_padding__hover=&#8220;|||&#8220;][et_pb_blurb title=&#8220;Familie Storchennest&#8220; image=&#8220;https:\/\/familie-storchennest.de\/wp-content\/uploads\/2020\/06\/20160908_110710_scheune_altenwg_mdr.jpg&#8220; image_max_width=&#8220;none&#8220; _builder_version=&#8220;4.4.8&#8243; background_size=&#8220;initial&#8220; background_position=&#8220;top_left&#8220; background_repeat=&#8220;repeat&#8220;] In Po\u00dfdorf nahe Reibitz entsteht gerade ein ganz besonderes Projekt mit dem Titel &#8222;Familie Storchennest&#8220;. Auf einem alten Dreiseitenhof sind bereits eine Kindertagesst\u00e4tte die &#8222;Storchenk\u00fccken&#8220; und eine Hebammenpraxis [&hellip;]\" \/>\n<meta property=\"og:url\" content=\"https:\/\/familie-storchennest.de\/\" \/>\n<meta property=\"og:site_name\" content=\"Familie Storchennest\" \/>\n<meta property=\"article:modified_time\" content=\"2023-05-16T07:00:05+00:00\" \/>\n<meta name=\"twitter:card\" content=\"summary_large_image\" \/>\n<meta name=\"twitter:label1\" content=\"Gesch\u00e4tzte Lesezeit\" \/>\n\t<meta name=\"twitter:data1\" content=\"6\u00a0Minuten\" \/>\n<script type=\"application\/ld+json\" class=\"yoast-schema-graph\">{\"@context\":\"https:\/\/schema.org\",\"@graph\":[{\"@type\":\"WebPage\",\"@id\":\"https:\/\/familie-storchennest.de\/\",\"url\":\"https:\/\/familie-storchennest.de\/\",\"name\":\"Aktuelles - Familie Storchennest\",\"isPartOf\":{\"@id\":\"https:\/\/familie-storchennest.de\/#website\"},\"datePublished\":\"2016-05-10T03:48:21+00:00\",\"dateModified\":\"2023-05-16T07:00:05+00:00\",\"breadcrumb\":{\"@id\":\"https:\/\/familie-storchennest.de\/#breadcrumb\"},\"inLanguage\":\"de\",\"potentialAction\":[{\"@type\":\"ReadAction\",\"target\":[\"https:\/\/familie-storchennest.de\/\"]}]},{\"@type\":\"BreadcrumbList\",\"@id\":\"https:\/\/familie-storchennest.de\/#breadcrumb\",\"itemListElement\":[{\"@type\":\"ListItem\",\"position\":1,\"name\":\"Startseite\",\"item\":\"https:\/\/familie-storchennest.de\/\"},{\"@type\":\"ListItem\",\"position\":2,\"name\":\"Aktuelles\"}]},{\"@type\":\"WebSite\",\"@id\":\"https:\/\/familie-storchennest.de\/#website\",\"url\":\"https:\/\/familie-storchennest.de\/\",\"name\":\"Familie Storchennest\",\"description\":\"Hier entsteht eine Webseite zum Mehrgenerationenprojekt Familie Storchennest.\",\"potentialAction\":[{\"@type\":\"SearchAction\",\"target\":{\"@type\":\"EntryPoint\",\"urlTemplate\":\"https:\/\/familie-storchennest.de\/?s={search_term_string}\"},\"query-input\":{\"@type\":\"PropertyValueSpecification\",\"valueRequired\":true,\"valueName\":\"search_term_string\"}}],\"inLanguage\":\"de\"}]}<\/script>\n<!-- \/ Yoast SEO plugin. -->","yoast_head_json":{"title":"Aktuelles - Familie Storchennest","robots":{"index":"index","follow":"follow","max-snippet":"max-snippet:-1","max-image-preview":"max-image-preview:large","max-video-preview":"max-video-preview:-1"},"canonical":"https:\/\/familie-storchennest.de\/","og_locale":"de_DE","og_type":"article","og_title":"Aktuelles - Familie Storchennest","og_description":"[et_pb_section fb_built=&#8220;1&#8243; fullwidth=&#8220;on&#8220; _builder_version=&#8220;4.4.8&#8243;][et_pb_fullwidth_post_slider include_categories=&#8220;current&#8220; _builder_version=&#8220;4.4.8&#8243;][\/et_pb_fullwidth_post_slider][\/et_pb_section][et_pb_section fb_built=&#8220;1&#8243; admin_label=&#8220;section&#8220; _builder_version=&#8220;3.22&#8243; background_color=&#8220;rgba(255,255,255,0)&#8220;][et_pb_row column_structure=&#8220;2_3,1_3&#8243; _builder_version=&#8220;3.25&#8243; background_size=&#8220;initial&#8220; background_position=&#8220;top_left&#8220; background_repeat=&#8220;repeat&#8220;][et_pb_column type=&#8220;2_3&#8243; _builder_version=&#8220;3.25&#8243; custom_padding=&#8220;|||&#8220; custom_padding__hover=&#8220;|||&#8220;][et_pb_blurb title=&#8220;Familie Storchennest&#8220; image=&#8220;https:\/\/familie-storchennest.de\/wp-content\/uploads\/2020\/06\/20160908_110710_scheune_altenwg_mdr.jpg&#8220; image_max_width=&#8220;none&#8220; _builder_version=&#8220;4.4.8&#8243; background_size=&#8220;initial&#8220; background_position=&#8220;top_left&#8220; background_repeat=&#8220;repeat&#8220;] In Po\u00dfdorf nahe Reibitz entsteht gerade ein ganz besonderes Projekt mit dem Titel &#8222;Familie Storchennest&#8220;. Auf einem alten Dreiseitenhof sind bereits eine Kindertagesst\u00e4tte die &#8222;Storchenk\u00fccken&#8220; und eine Hebammenpraxis [&hellip;]","og_url":"https:\/\/familie-storchennest.de\/","og_site_name":"Familie Storchennest","article_modified_time":"2023-05-16T07:00:05+00:00","twitter_card":"summary_large_image","twitter_misc":{"Gesch\u00e4tzte Lesezeit":"6\u00a0Minuten"},"schema":{"@context":"https:\/\/schema.org","@graph":[{"@type":"WebPage","@id":"https:\/\/familie-storchennest.de\/","url":"https:\/\/familie-storchennest.de\/","name":"Aktuelles - Familie Storchennest","isPartOf":{"@id":"https:\/\/familie-storchennest.de\/#website"},"datePublished":"2016-05-10T03:48:21+00:00","dateModified":"2023-05-16T07:00:05+00:00","breadcrumb":{"@id":"https:\/\/familie-storchennest.de\/#breadcrumb"},"inLanguage":"de","potentialAction":[{"@type":"ReadAction","target":["https:\/\/familie-storchennest.de\/"]}]},{"@type":"BreadcrumbList","@id":"https:\/\/familie-storchennest.de\/#breadcrumb","itemListElement":[{"@type":"ListItem","position":1,"name":"Startseite","item":"https:\/\/familie-storchennest.de\/"},{"@type":"ListItem","position":2,"name":"Aktuelles"}]},{"@type":"WebSite","@id":"https:\/\/familie-storchennest.de\/#website","url":"https:\/\/familie-storchennest.de\/","name":"Familie Storchennest","description":"Hier entsteht eine Webseite zum Mehrgenerationenprojekt Familie Storchennest.","potentialAction":[{"@type":"SearchAction","target":{"@type":"EntryPoint","urlTemplate":"https:\/\/familie-storchennest.de\/?s={search_term_string}"},"query-input":{"@type":"PropertyValueSpecification","valueRequired":true,"valueName":"search_term_string"}}],"inLanguage":"de"}]}},"_links":{"self":[{"href":"https:\/\/familie-storchennest.de\/index.php?rest_route=\/wp\/v2\/pages\/2","targetHints":{"allow":["GET"]}}],"collection":[{"href":"https:\/\/familie-storchennest.de\/index.php?rest_route=\/wp\/v2\/pages"}],"about":[{"href":"https:\/\/familie-storchennest.de\/index.php?rest_route=\/wp\/v2\/types\/page"}],"author":[{"embeddable":true,"href":"https:\/\/familie-storchennest.de\/index.php?rest_route=\/wp\/v2\/users\/1"}],"replies":[{"embeddable":true,"href":"https:\/\/familie-storchennest.de\/index.php?rest_route=%2Fwp%2Fv2%2Fcomments&post=2"}],"version-history":[{"count":12,"href":"https:\/\/familie-storchennest.de\/index.php?rest_route=\/wp\/v2\/pages\/2\/revisions"}],"predecessor-version":[{"id":505,"href":"https:\/\/familie-storchennest.de\/index.php?rest_route=\/wp\/v2\/pages\/2\/revisions\/505"}],"wp:attachment":[{"href":"https:\/\/familie-storchennest.de\/index.php?rest_route=%2Fwp%2Fv2%2Fmedia&parent=2"}],"curies":[{"name":"wp","href":"https:\/\/api.w.org\/{rel}","templated":true}]}}