{"id":361,"date":"2017-05-10T17:28:36","date_gmt":"2017-05-10T15:28:36","guid":{"rendered":"http:\/\/familie-storchennest.de\/?page_id=361"},"modified":"2017-05-10T17:38:47","modified_gmt":"2017-05-10T15:38:47","slug":"weitere-infos","status":"publish","type":"page","link":"https:\/\/familie-storchennest.de\/?page_id=361","title":{"rendered":"Weitere Infos"},"content":{"rendered":"<p>[et_pb_section bb_built=&#8220;1&#8243; admin_label=&#8220;section&#8220;][et_pb_row admin_label=&#8220;row&#8220;][et_pb_column type=&#8220;4_4&#8243;][et_pb_accordion admin_label=&#8220;Akkordeon&#8220; use_border_color=&#8220;off&#8220; border_color=&#8220;#ffffff&#8220; border_style=&#8220;solid&#8220;] [et_pb_accordion_item title=&#8220;Kosten f\u00fcr die Hebammenbetreuung&#8220;]<\/p>\n<h4>Folgende Leistungen werden von den gesetzlichen Krankenkassen \u00fcbernommen:<\/h4>\n<h4><strong>Schwangerschaft<\/strong><\/h4>\n<p>\u2022\u00a0\u00a0 \u00a0Vorgespr\u00e4ch<br \/>\n\u2022\u00a0\u00a0 \u00a0Beratungen, auch telefonisch<br \/>\n\u2022\u00a0\u00a0 \u00a0Vorsorge<br \/>\n\u2022\u00a0\u00a0 \u00a0Hilfe bei Schwangerschaftsbeschwerden und Vorwehen<br \/>\n\u2022\u00a0\u00a0 \u00a0\u00dcberwachung durch CTG<br \/>\n\u2022\u00a0\u00a0 \u00a0Geburtsvorbereitung in der Gruppe<\/p>\n<h4><strong>Geburt<\/strong><\/h4>\n<p>\u2022\u00a0\u00a0\u00a0 Geburt<br \/>\n\u2022\u00a0\u00a0 \u00a0Hilfe bei einer Fehlgeburt<\/p>\n<h4><strong>Wochenbett<br \/>\n<\/strong><\/h4>\n<p>\u2022\u00a0\u00a0 \u00a0Wochenbettbetreuung von Mutter und Kind in der Klinik, im Geburtshaus, durch Hausbesuch oder telefonisch<\/p>\n<h4>R\u00fcckbildung und Stillzeit<\/h4>\n<p>\u2022\u00a0\u00a0 \u00a010 Stunden R\u00fcckbildungsgymnastik in der Gruppe, die bis zum 9. Monat nach der Geburt abgeschlossen werden muss<br \/>\n\u2022\u00a0\u00a0 \u00a08 Beratungen bei Stillschwierigkeiten oder Ern\u00e4hrungsproblemen (dazu z\u00e4hlen Beratungen rund um das Thema Stillen, Ern\u00e4hrung und Beikost). Die Beratungen erfolgen fr\u00fchestens 8 Wochen nach der Geburt und bis zum Ende der Abstillphase \u2013 bei Ern\u00e4hrungsproblemen bis zum Ende des 9. Monats nach der Geburt \u2013 und k\u00f6nnen telefonisch oder im Rahmen eines Hausbesuchs vorgenommen werden<\/p>\n<p>[\/et_pb_accordion_item][et_pb_accordion_item title=&#8220;Linktipps&#8220;]<\/p>\n<p>Hebammen in Sachsen<\/p>\n<p><a href=\"http:\/\/www.saechsischer-hebammenverband.de\">www.saechsischer-hebammenverband.de<\/a><\/p>\n<p>Wissenswertes zu Themen vor und nach der Schwangerschaft<\/p>\n<p><a href=\"http:\/\/www.hebammenwissen.info\">www.hebammenwissen.info\/<\/a><\/p>\n<p>Zur aktuellen Situation der Hebammen in Deutschland<\/p>\n<p><a href=\"http:\/\/www.mother-hood.de\">www.mother-hood.de<\/a><\/p>\n<p>[\/et_pb_accordion_item][et_pb_accordion_item title=&#8220;Noch ein Beispielthema&#8220;]<\/p>\n<p>khjlkhjkhdsjg jhkjhjkhk hkjhjh hjkh jhk j<\/p>\n<p>[\/et_pb_accordion_item] [\/et_pb_accordion][\/et_pb_column][\/et_pb_row][\/et_pb_section]<\/p>\n","protected":false},"excerpt":{"rendered":"<p>[et_pb_section bb_built=&#8220;1&#8243; admin_label=&#8220;section&#8220;][et_pb_row admin_label=&#8220;row&#8220;][et_pb_column type=&#8220;4_4&#8243;][et_pb_accordion admin_label=&#8220;Akkordeon&#8220; use_border_color=&#8220;off&#8220; border_color=&#8220;#ffffff&#8220; border_style=&#8220;solid&#8220;] [et_pb_accordion_item title=&#8220;Kosten f\u00fcr die Hebammenbetreuung&#8220;] Folgende Leistungen werden von den gesetzlichen Krankenkassen \u00fcbernommen: Schwangerschaft \u2022\u00a0\u00a0 \u00a0Vorgespr\u00e4ch \u2022\u00a0\u00a0 \u00a0Beratungen, auch telefonisch \u2022\u00a0\u00a0 \u00a0Vorsorge \u2022\u00a0\u00a0 \u00a0Hilfe bei Schwangerschaftsbeschwerden und Vorwehen \u2022\u00a0\u00a0 \u00a0\u00dcberwachung durch CTG \u2022\u00a0\u00a0 \u00a0Geburtsvorbereitung in der Gruppe Geburt \u2022\u00a0\u00a0\u00a0 Geburt \u2022\u00a0\u00a0 \u00a0Hilfe bei einer Fehlgeburt Wochenbett [&hellip;]<\/p>\n","protected":false},"author":1,"featured_media":0,"parent":4,"menu_order":0,"comment_status":"closed","ping_status":"closed","template":"page-full.php","meta":{"_et_pb_use_builder":"on","_et_pb_old_content":"","_et_gb_content_width":"","footnotes":""},"class_list":["post-361","page","type-page","status-publish","hentry"],"yoast_head":"<!-- This site is optimized with the Yoast SEO plugin v24.9 - https:\/\/yoast.com\/wordpress\/plugins\/seo\/ -->\n<title>Weitere Infos - Familie Storchennest<\/title>\n<meta name=\"robots\" content=\"index, follow, max-snippet:-1, max-image-preview:large, max-video-preview:-1\" \/>\n<link rel=\"canonical\" href=\"https:\/\/familie-storchennest.de\/?page_id=361\" \/>\n<meta property=\"og:locale\" content=\"de_DE\" \/>\n<meta property=\"og:type\" content=\"article\" \/>\n<meta property=\"og:title\" content=\"Weitere Infos - Familie Storchennest\" \/>\n<meta property=\"og:description\" content=\"[et_pb_section bb_built=&#8220;1&#8243; admin_label=&#8220;section&#8220;][et_pb_row admin_label=&#8220;row&#8220;][et_pb_column type=&#8220;4_4&#8243;][et_pb_accordion admin_label=&#8220;Akkordeon&#8220; use_border_color=&#8220;off&#8220; border_color=&#8220;#ffffff&#8220; border_style=&#8220;solid&#8220;] [et_pb_accordion_item title=&#8220;Kosten f\u00fcr die Hebammenbetreuung&#8220;] Folgende Leistungen werden von den gesetzlichen Krankenkassen \u00fcbernommen: Schwangerschaft \u2022\u00a0\u00a0 \u00a0Vorgespr\u00e4ch \u2022\u00a0\u00a0 \u00a0Beratungen, auch telefonisch \u2022\u00a0\u00a0 \u00a0Vorsorge \u2022\u00a0\u00a0 \u00a0Hilfe bei Schwangerschaftsbeschwerden und Vorwehen \u2022\u00a0\u00a0 \u00a0\u00dcberwachung durch CTG \u2022\u00a0\u00a0 \u00a0Geburtsvorbereitung in der Gruppe Geburt \u2022\u00a0\u00a0\u00a0 Geburt \u2022\u00a0\u00a0 \u00a0Hilfe bei einer Fehlgeburt Wochenbett [&hellip;]\" \/>\n<meta property=\"og:url\" content=\"https:\/\/familie-storchennest.de\/?page_id=361\" \/>\n<meta property=\"og:site_name\" content=\"Familie Storchennest\" \/>\n<meta property=\"article:modified_time\" content=\"2017-05-10T15:38:47+00:00\" \/>\n<meta name=\"twitter:card\" content=\"summary_large_image\" \/>\n<meta name=\"twitter:label1\" content=\"Gesch\u00e4tzte Lesezeit\" \/>\n\t<meta name=\"twitter:data1\" content=\"1\u00a0Minute\" \/>\n<script type=\"application\/ld+json\" class=\"yoast-schema-graph\">{\"@context\":\"https:\/\/schema.org\",\"@graph\":[{\"@type\":\"WebPage\",\"@id\":\"https:\/\/familie-storchennest.de\/?page_id=361\",\"url\":\"https:\/\/familie-storchennest.de\/?page_id=361\",\"name\":\"Weitere Infos - Familie Storchennest\",\"isPartOf\":{\"@id\":\"https:\/\/familie-storchennest.de\/#website\"},\"datePublished\":\"2017-05-10T15:28:36+00:00\",\"dateModified\":\"2017-05-10T15:38:47+00:00\",\"breadcrumb\":{\"@id\":\"https:\/\/familie-storchennest.de\/?page_id=361#breadcrumb\"},\"inLanguage\":\"de\",\"potentialAction\":[{\"@type\":\"ReadAction\",\"target\":[\"https:\/\/familie-storchennest.de\/?page_id=361\"]}]},{\"@type\":\"BreadcrumbList\",\"@id\":\"https:\/\/familie-storchennest.de\/?page_id=361#breadcrumb\",\"itemListElement\":[{\"@type\":\"ListItem\",\"position\":1,\"name\":\"Startseite\",\"item\":\"https:\/\/familie-storchennest.de\/\"},{\"@type\":\"ListItem\",\"position\":2,\"name\":\"Hebammenpraxis\",\"item\":\"https:\/\/familie-storchennest.de\/?page_id=4\"},{\"@type\":\"ListItem\",\"position\":3,\"name\":\"Weitere Infos\"}]},{\"@type\":\"WebSite\",\"@id\":\"https:\/\/familie-storchennest.de\/#website\",\"url\":\"https:\/\/familie-storchennest.de\/\",\"name\":\"Familie Storchennest\",\"description\":\"Hier entsteht eine Webseite zum Mehrgenerationenprojekt Familie Storchennest.\",\"potentialAction\":[{\"@type\":\"SearchAction\",\"target\":{\"@type\":\"EntryPoint\",\"urlTemplate\":\"https:\/\/familie-storchennest.de\/?s={search_term_string}\"},\"query-input\":{\"@type\":\"PropertyValueSpecification\",\"valueRequired\":true,\"valueName\":\"search_term_string\"}}],\"inLanguage\":\"de\"}]}<\/script>\n<!-- \/ Yoast SEO plugin. -->","yoast_head_json":{"title":"Weitere Infos - Familie Storchennest","robots":{"index":"index","follow":"follow","max-snippet":"max-snippet:-1","max-image-preview":"max-image-preview:large","max-video-preview":"max-video-preview:-1"},"canonical":"https:\/\/familie-storchennest.de\/?page_id=361","og_locale":"de_DE","og_type":"article","og_title":"Weitere Infos - Familie Storchennest","og_description":"[et_pb_section bb_built=&#8220;1&#8243; admin_label=&#8220;section&#8220;][et_pb_row admin_label=&#8220;row&#8220;][et_pb_column type=&#8220;4_4&#8243;][et_pb_accordion admin_label=&#8220;Akkordeon&#8220; use_border_color=&#8220;off&#8220; border_color=&#8220;#ffffff&#8220; border_style=&#8220;solid&#8220;] [et_pb_accordion_item title=&#8220;Kosten f\u00fcr die Hebammenbetreuung&#8220;] Folgende Leistungen werden von den gesetzlichen Krankenkassen \u00fcbernommen: Schwangerschaft \u2022\u00a0\u00a0 \u00a0Vorgespr\u00e4ch \u2022\u00a0\u00a0 \u00a0Beratungen, auch telefonisch \u2022\u00a0\u00a0 \u00a0Vorsorge \u2022\u00a0\u00a0 \u00a0Hilfe bei Schwangerschaftsbeschwerden und Vorwehen \u2022\u00a0\u00a0 \u00a0\u00dcberwachung durch CTG \u2022\u00a0\u00a0 \u00a0Geburtsvorbereitung in der Gruppe Geburt \u2022\u00a0\u00a0\u00a0 Geburt \u2022\u00a0\u00a0 \u00a0Hilfe bei einer Fehlgeburt Wochenbett [&hellip;]","og_url":"https:\/\/familie-storchennest.de\/?page_id=361","og_site_name":"Familie Storchennest","article_modified_time":"2017-05-10T15:38:47+00:00","twitter_card":"summary_large_image","twitter_misc":{"Gesch\u00e4tzte Lesezeit":"1\u00a0Minute"},"schema":{"@context":"https:\/\/schema.org","@graph":[{"@type":"WebPage","@id":"https:\/\/familie-storchennest.de\/?page_id=361","url":"https:\/\/familie-storchennest.de\/?page_id=361","name":"Weitere Infos - Familie Storchennest","isPartOf":{"@id":"https:\/\/familie-storchennest.de\/#website"},"datePublished":"2017-05-10T15:28:36+00:00","dateModified":"2017-05-10T15:38:47+00:00","breadcrumb":{"@id":"https:\/\/familie-storchennest.de\/?page_id=361#breadcrumb"},"inLanguage":"de","potentialAction":[{"@type":"ReadAction","target":["https:\/\/familie-storchennest.de\/?page_id=361"]}]},{"@type":"BreadcrumbList","@id":"https:\/\/familie-storchennest.de\/?page_id=361#breadcrumb","itemListElement":[{"@type":"ListItem","position":1,"name":"Startseite","item":"https:\/\/familie-storchennest.de\/"},{"@type":"ListItem","position":2,"name":"Hebammenpraxis","item":"https:\/\/familie-storchennest.de\/?page_id=4"},{"@type":"ListItem","position":3,"name":"Weitere Infos"}]},{"@type":"WebSite","@id":"https:\/\/familie-storchennest.de\/#website","url":"https:\/\/familie-storchennest.de\/","name":"Familie Storchennest","description":"Hier entsteht eine Webseite zum Mehrgenerationenprojekt Familie Storchennest.","potentialAction":[{"@type":"SearchAction","target":{"@type":"EntryPoint","urlTemplate":"https:\/\/familie-storchennest.de\/?s={search_term_string}"},"query-input":{"@type":"PropertyValueSpecification","valueRequired":true,"valueName":"search_term_string"}}],"inLanguage":"de"}]}},"_links":{"self":[{"href":"https:\/\/familie-storchennest.de\/index.php?rest_route=\/wp\/v2\/pages\/361","targetHints":{"allow":["GET"]}}],"collection":[{"href":"https:\/\/familie-storchennest.de\/index.php?rest_route=\/wp\/v2\/pages"}],"about":[{"href":"https:\/\/familie-storchennest.de\/index.php?rest_route=\/wp\/v2\/types\/page"}],"author":[{"embeddable":true,"href":"https:\/\/familie-storchennest.de\/index.php?rest_route=\/wp\/v2\/users\/1"}],"replies":[{"embeddable":true,"href":"https:\/\/familie-storchennest.de\/index.php?rest_route=%2Fwp%2Fv2%2Fcomments&post=361"}],"version-history":[{"count":5,"href":"https:\/\/familie-storchennest.de\/index.php?rest_route=\/wp\/v2\/pages\/361\/revisions"}],"predecessor-version":[{"id":363,"href":"https:\/\/familie-storchennest.de\/index.php?rest_route=\/wp\/v2\/pages\/361\/revisions\/363"}],"up":[{"embeddable":true,"href":"https:\/\/familie-storchennest.de\/index.php?rest_route=\/wp\/v2\/pages\/4"}],"wp:attachment":[{"href":"https:\/\/familie-storchennest.de\/index.php?rest_route=%2Fwp%2Fv2%2Fmedia&parent=361"}],"curies":[{"name":"wp","href":"https:\/\/api.w.org\/{rel}","templated":true}]}}